{"id":651,"date":"2022-01-26T15:10:28","date_gmt":"2022-01-26T18:10:28","guid":{"rendered":"https:\/\/contaempre.com.br\/?page_id=651"},"modified":"2026-02-24T16:55:00","modified_gmt":"2026-02-24T19:55:00","slug":"servicos","status":"publish","type":"page","link":"https:\/\/contaempre.com.br\/?page_id=651","title":{"rendered":"Servi\u00e7os"},"content":{"rendered":"\t\t<div data-elementor-type=\"wp-page\" data-elementor-id=\"651\" class=\"elementor elementor-651\">\n\t\t\t\t\t\t\t<div class=\"elementor-element elementor-element-bfb7e04 e-flex e-con-boxed e-con e-parent\" data-id=\"bfb7e04\" data-element_type=\"container\" data-settings=\"{&quot;background_background&quot;:&quot;classic&quot;,&quot;shape_divider_bottom&quot;:&quot;curve&quot;,&quot;container_type&quot;:&quot;flex&quot;,&quot;content_width&quot;:&quot;boxed&quot;}\" data-core-v316-plus=\"true\">\n\t\t\t\t\t<div class=\"e-con-inner\">\n\t\t\t\t<div class=\"elementor-shape elementor-shape-bottom\" data-negative=\"false\">\n\t\t\t<svg xmlns=\"http:\/\/www.w3.org\/2000\/svg\" viewBox=\"0 0 1000 100\" preserveAspectRatio=\"none\">\n    <path class=\"elementor-shape-fill\" d=\"M1000,4.3V0H0v4.3C0.9,23.1,126.7,99.2,500,100S1000,22.7,1000,4.3z\"\/>\n<\/svg>\t\t<\/div>\n\t\t<div class=\"elementor-element elementor-element-716a5b4 elementor-hidden-mobile e-con-full e-flex e-con e-child\" data-id=\"716a5b4\" data-element_type=\"container\" data-settings=\"{&quot;content_width&quot;:&quot;full&quot;,&quot;container_type&quot;:&quot;flex&quot;}\">\n\t\t\t\t<\/div>\n\t\t<div class=\"elementor-element elementor-element-c481dc1 e-con-full e-flex e-con e-child\" data-id=\"c481dc1\" data-element_type=\"container\" data-settings=\"{&quot;content_width&quot;:&quot;full&quot;,&quot;container_type&quot;:&quot;flex&quot;}\">\n\t\t\t\t<div class=\"elementor-element elementor-element-04ded99 aux-appear-watch-animation aux-scale-down elementor-widget elementor-widget-aux_modern_heading\" data-id=\"04ded99\" data-element_type=\"widget\" data-widget_type=\"aux_modern_heading.default\">\n\t\t\t\t<div class=\"elementor-widget-container\">\n\t\t\t<section class=\"aux-widget-modern-heading\">\n            <div class=\"aux-widget-inner\"><h5 class=\"aux-modern-heading-primary\">CONHE\u00c7A TODOS OS<\/h5><h3 class=\"aux-modern-heading-secondary\"><span class=\"aux-head-before\">Nossos servi\u00e7os<\/span><\/h3><\/div>\n        <\/section>\t\t<\/div>\n\t\t\t\t<\/div>\n\t\t\t\t<\/div>\n\t\t<div class=\"elementor-element elementor-element-70e39fa elementor-hidden-mobile e-con-full e-flex e-con e-child\" data-id=\"70e39fa\" data-element_type=\"container\" data-settings=\"{&quot;content_width&quot;:&quot;full&quot;,&quot;container_type&quot;:&quot;flex&quot;}\">\n\t\t\t\t<\/div>\n\t\t\t\t\t<\/div>\n\t\t\t\t<\/div>\n\t\t<div class=\"elementor-element elementor-element-95d311e e-flex e-con-boxed e-con e-parent\" data-id=\"95d311e\" data-element_type=\"container\" data-settings=\"{&quot;container_type&quot;:&quot;flex&quot;,&quot;content_width&quot;:&quot;boxed&quot;}\" data-core-v316-plus=\"true\">\n\t\t\t\t\t<div class=\"e-con-inner\">\n\t\t<div class=\"elementor-element elementor-element-b21b1b0 e-con-full e-flex e-con e-child\" data-id=\"b21b1b0\" data-element_type=\"container\" data-settings=\"{&quot;content_width&quot;:&quot;full&quot;,&quot;container_type&quot;:&quot;flex&quot;}\">\n\t\t\t\t<div class=\"elementor-element elementor-element-e10f05a elementor-invisible elementor-widget elementor-widget-accordion\" data-id=\"e10f05a\" data-element_type=\"widget\" data-settings=\"{&quot;_animation&quot;:&quot;fadeInLeft&quot;}\" data-widget_type=\"accordion.default\">\n\t\t\t\t<div class=\"elementor-widget-container\">\n\t\t\t\t\t<div class=\"elementor-accordion\">\n\t\t\t\t\t\t\t<div class=\"elementor-accordion-item\">\n\t\t\t\t\t<div id=\"elementor-tab-title-2351\" class=\"elementor-tab-title\" data-tab=\"1\" role=\"button\" aria-controls=\"elementor-tab-content-2351\" aria-expanded=\"false\">\n\t\t\t\t\t\t\t\t\t\t\t\t\t<span class=\"elementor-accordion-icon elementor-accordion-icon-right\" aria-hidden=\"true\">\n\t\t\t\t\t\t\t\t\t\t\t\t\t\t\t<span class=\"elementor-accordion-icon-closed\"><i class=\"auxicon auxicon-triangle-left\"><\/i><\/span>\n\t\t\t\t\t\t\t\t<span class=\"elementor-accordion-icon-opened\"><i class=\"auxicon auxicon-triangle-down\"><\/i><\/span>\n\t\t\t\t\t\t\t\t\t\t\t\t\t\t<\/span>\n\t\t\t\t\t\t\t\t\t\t\t\t<a class=\"elementor-accordion-title\" tabindex=\"0\">Consultoria e planejamento cont\u00e1bil<\/a>\n\t\t\t\t\t<\/div>\n\t\t\t\t\t<div id=\"elementor-tab-content-2351\" class=\"elementor-tab-content elementor-clearfix\" data-tab=\"1\" role=\"region\" aria-labelledby=\"elementor-tab-title-2351\"><p align=\"justify\">Assessoria cont\u00e1bil para empresas de micro, pequeno, m\u00e9dio e grande portes, com apresenta\u00e7\u00e3o mensal de relat\u00f3rios oficiais (balan\u00e7o patrimonial, demonstra\u00e7\u00e3o de resultados, doar, muta\u00e7\u00e3o do patrim\u00f4nio l\u00edquido), devidamente conciliados e confrontados com os controles internos da empresa, seguindo as normas de servi\u00e7os com os documentos cont\u00e1beis.<\/p><\/div>\n\t\t\t\t<\/div>\n\t\t\t\t\t\t\t<div class=\"elementor-accordion-item\">\n\t\t\t\t\t<div id=\"elementor-tab-title-2352\" class=\"elementor-tab-title\" data-tab=\"2\" role=\"button\" aria-controls=\"elementor-tab-content-2352\" aria-expanded=\"false\">\n\t\t\t\t\t\t\t\t\t\t\t\t\t<span class=\"elementor-accordion-icon elementor-accordion-icon-right\" aria-hidden=\"true\">\n\t\t\t\t\t\t\t\t\t\t\t\t\t\t\t<span class=\"elementor-accordion-icon-closed\"><i class=\"auxicon auxicon-triangle-left\"><\/i><\/span>\n\t\t\t\t\t\t\t\t<span class=\"elementor-accordion-icon-opened\"><i class=\"auxicon auxicon-triangle-down\"><\/i><\/span>\n\t\t\t\t\t\t\t\t\t\t\t\t\t\t<\/span>\n\t\t\t\t\t\t\t\t\t\t\t\t<a class=\"elementor-accordion-title\" tabindex=\"0\">Consultoria societ\u00e1ria<\/a>\n\t\t\t\t\t<\/div>\n\t\t\t\t\t<div id=\"elementor-tab-content-2352\" class=\"elementor-tab-content elementor-clearfix\" data-tab=\"2\" role=\"region\" aria-labelledby=\"elementor-tab-title-2352\"><p align=\"justify\">A consultoria societ\u00e1ria \u00e9 um servi\u00e7o especializado que oferece orienta\u00e7\u00e3o e suporte \u00e0s empresas em quest\u00f5es relacionadas \u00e0 estrutura\u00e7\u00e3o e organiza\u00e7\u00e3o societ\u00e1ria. Com conhecimento profundo das leis e regulamentos corporativos, os consultores auxiliam na constitui\u00e7\u00e3o de empresas, fus\u00f5es e aquisi\u00e7\u00f5es, elabora\u00e7\u00e3o de contratos, resolu\u00e7\u00e3o de conflitos e outras atividades societ\u00e1rias. Ao contar com essa consultoria, as empresas podem tomar decis\u00f5es estrat\u00e9gicas embasadas em melhores pr\u00e1ticas e em conformidade com a legisla\u00e7\u00e3o, visando ao crescimento sustent\u00e1vel e ao sucesso de seus neg\u00f3cios.<\/p><\/div>\n\t\t\t\t<\/div>\n\t\t\t\t\t\t\t<div class=\"elementor-accordion-item\">\n\t\t\t\t\t<div id=\"elementor-tab-title-2353\" class=\"elementor-tab-title\" data-tab=\"3\" role=\"button\" aria-controls=\"elementor-tab-content-2353\" aria-expanded=\"false\">\n\t\t\t\t\t\t\t\t\t\t\t\t\t<span class=\"elementor-accordion-icon elementor-accordion-icon-right\" aria-hidden=\"true\">\n\t\t\t\t\t\t\t\t\t\t\t\t\t\t\t<span class=\"elementor-accordion-icon-closed\"><i class=\"auxicon auxicon-triangle-left\"><\/i><\/span>\n\t\t\t\t\t\t\t\t<span class=\"elementor-accordion-icon-opened\"><i class=\"auxicon auxicon-triangle-down\"><\/i><\/span>\n\t\t\t\t\t\t\t\t\t\t\t\t\t\t<\/span>\n\t\t\t\t\t\t\t\t\t\t\t\t<a class=\"elementor-accordion-title\" tabindex=\"0\">Folha de pagamento eSocial<\/a>\n\t\t\t\t\t<\/div>\n\t\t\t\t\t<div id=\"elementor-tab-content-2353\" class=\"elementor-tab-content elementor-clearfix\" data-tab=\"3\" role=\"region\" aria-labelledby=\"elementor-tab-title-2353\"><p align=\"justify\">A folha de pagamento eSocial \u00e9 um servi\u00e7o fundamental para as empresas no cumprimento das obriga\u00e7\u00f5es trabalhistas e previdenci\u00e1rias. O eSocial \u00e9 um sistema do governo que unifica o envio das informa\u00e7\u00f5es sobre os trabalhadores, como sal\u00e1rios, benef\u00edcios, horas trabalhadas, entre outros dados. O servi\u00e7o de folha de pagamento eSocial consiste na organiza\u00e7\u00e3o, c\u00e1lculo e emiss\u00e3o dos pagamentos aos colaboradores, al\u00e9m de garantir o cumprimento das exig\u00eancias legais relacionadas aos encargos sociais e tribut\u00e1rios. Com a utiliza\u00e7\u00e3o desse servi\u00e7o, as empresas podem otimizar a gest\u00e3o de suas folhas de pagamento, garantir a conformidade com a legisla\u00e7\u00e3o vigente e evitar problemas com \u00f3rg\u00e3os fiscalizadores, garantindo assim a regularidade e a transpar\u00eancia em suas rela\u00e7\u00f5es trabalhistas.<\/p><\/div>\n\t\t\t\t<\/div>\n\t\t\t\t\t\t\t<div class=\"elementor-accordion-item\">\n\t\t\t\t\t<div id=\"elementor-tab-title-2354\" class=\"elementor-tab-title\" data-tab=\"4\" role=\"button\" aria-controls=\"elementor-tab-content-2354\" aria-expanded=\"false\">\n\t\t\t\t\t\t\t\t\t\t\t\t\t<span class=\"elementor-accordion-icon elementor-accordion-icon-right\" aria-hidden=\"true\">\n\t\t\t\t\t\t\t\t\t\t\t\t\t\t\t<span class=\"elementor-accordion-icon-closed\"><i class=\"auxicon auxicon-triangle-left\"><\/i><\/span>\n\t\t\t\t\t\t\t\t<span class=\"elementor-accordion-icon-opened\"><i class=\"auxicon auxicon-triangle-down\"><\/i><\/span>\n\t\t\t\t\t\t\t\t\t\t\t\t\t\t<\/span>\n\t\t\t\t\t\t\t\t\t\t\t\t<a class=\"elementor-accordion-title\" tabindex=\"0\">Planejamento tribut\u00e1rio<\/a>\n\t\t\t\t\t<\/div>\n\t\t\t\t\t<div id=\"elementor-tab-content-2354\" class=\"elementor-tab-content elementor-clearfix\" data-tab=\"4\" role=\"region\" aria-labelledby=\"elementor-tab-title-2354\"><p align=\"justify\">O planejamento tribut\u00e1rio \u00e9 um servi\u00e7o essencial que visa otimizar a carga tribut\u00e1ria das empresas de maneira legal e estrat\u00e9gica. Por meio desse servi\u00e7o, profissionais qualificados analisam a estrutura fiscal da empresa, identificando oportunidades para reduzir os impostos pagos, aproveitar incentivos fiscais e evitar penalidades. O planejamento tribut\u00e1rio considera a legisla\u00e7\u00e3o vigente, as caracter\u00edsticas do neg\u00f3cio e as metas da empresa, buscando sempre a melhor forma de gerir os tributos de maneira eficiente e em conformidade com as obriga\u00e7\u00f5es fiscais. Com essa consultoria, as empresas podem economizar recursos financeiros, melhorar sua competitividade e direcionar seus investimentos de forma estrat\u00e9gica, maximizando seus resultados.<\/p><\/div>\n\t\t\t\t<\/div>\n\t\t\t\t\t\t\t<div class=\"elementor-accordion-item\">\n\t\t\t\t\t<div id=\"elementor-tab-title-2355\" class=\"elementor-tab-title\" data-tab=\"5\" role=\"button\" aria-controls=\"elementor-tab-content-2355\" aria-expanded=\"false\">\n\t\t\t\t\t\t\t\t\t\t\t\t\t<span class=\"elementor-accordion-icon elementor-accordion-icon-right\" aria-hidden=\"true\">\n\t\t\t\t\t\t\t\t\t\t\t\t\t\t\t<span class=\"elementor-accordion-icon-closed\"><i class=\"auxicon auxicon-triangle-left\"><\/i><\/span>\n\t\t\t\t\t\t\t\t<span class=\"elementor-accordion-icon-opened\"><i class=\"auxicon auxicon-triangle-down\"><\/i><\/span>\n\t\t\t\t\t\t\t\t\t\t\t\t\t\t<\/span>\n\t\t\t\t\t\t\t\t\t\t\t\t<a class=\"elementor-accordion-title\" tabindex=\"0\">Recupera\u00e7\u00e3o de cr\u00e9ditos tribut\u00e1rios<\/a>\n\t\t\t\t\t<\/div>\n\t\t\t\t\t<div id=\"elementor-tab-content-2355\" class=\"elementor-tab-content elementor-clearfix\" data-tab=\"5\" role=\"region\" aria-labelledby=\"elementor-tab-title-2355\"><p align=\"justify\">O servi\u00e7o de recupera\u00e7\u00e3o de cr\u00e9ditos tribut\u00e1rios consiste em um processo especializado no qual profissionais qualificados auxiliam as empresas a identificar e reaver valores que foram pagos a mais em impostos e contribui\u00e7\u00f5es. Esses especialistas realizam uma an\u00e1lise minuciosa da legisla\u00e7\u00e3o tribut\u00e1ria aplic\u00e1vel e dos registros cont\u00e1beis da empresa, identificando oportunidades de recupera\u00e7\u00e3o de cr\u00e9ditos fiscais. Al\u00e9m disso, eles preparam e apresentam as devidas documenta\u00e7\u00f5es e requerimentos junto aos \u00f3rg\u00e3os competentes, visando \u00e0 restitui\u00e7\u00e3o dos valores devidos. Esse servi\u00e7o \u00e9 fundamental para otimizar a situa\u00e7\u00e3o financeira das empresas, aumentar a sua competitividade e garantir a conformidade com as leis tribut\u00e1rias, recuperando recursos que podem ser reinvestidos em suas atividades e projetos futuros.<\/p><\/div>\n\t\t\t\t<\/div>\n\t\t\t\t\t\t\t\t<\/div>\n\t\t\t\t<\/div>\n\t\t\t\t<\/div>\n\t\t\t\t<\/div>\n\t\t<div class=\"elementor-element elementor-element-3672bd5 animated-slow e-con-full e-flex elementor-invisible e-con e-child\" data-id=\"3672bd5\" data-element_type=\"container\" data-settings=\"{&quot;animation&quot;:&quot;fadeInRight&quot;,&quot;content_width&quot;:&quot;full&quot;,&quot;container_type&quot;:&quot;flex&quot;}\">\n\t\t\t\t<div class=\"elementor-element elementor-element-6626cbd elementor-widget elementor-widget-aux_image\" data-id=\"6626cbd\" data-element_type=\"widget\" data-widget_type=\"aux_image.default\">\n\t\t\t\t<div class=\"elementor-widget-container\">\n\t\t\t<section class=\"widget-container aux-widget-image aux-alignnone aux-parent-au140b45c0\">\n    <div class=\"aux-media-hint-frame \">\n        <div class=\"aux-media-image \" >\n        \n            \n\n            \n            <img decoding=\"async\" src=\"https:\/\/contaempre.com.br\/wp-content\/uploads\/2022\/01\/abackground.png\" alt=\"abackground\" \/>            \n                <\/div>\n    <\/div>\n\n<\/section><!-- widget-container -->\t\t<\/div>\n\t\t\t\t<\/div>\n\t\t\t\t<\/div>\n\t\t\t\t\t<\/div>\n\t\t\t\t<\/div>\n\t\t\t\t\t\t\t<\/div>\n\t\t","protected":false},"excerpt":{"rendered":"<p>CONHE\u00c7A TODOS OS Nossos servi\u00e7os Consultoria e planejamento cont\u00e1bil Assessoria cont\u00e1bil para empresas de micro, pequeno, m\u00e9dio e grande portes, com apresenta\u00e7\u00e3o mensal de relat\u00f3rios oficiais (balan\u00e7o patrimonial, demonstra\u00e7\u00e3o de resultados, doar, muta\u00e7\u00e3o do patrim\u00f4nio l\u00edquido), devidamente conciliados e confrontados com os controles internos da empresa, seguindo as normas de servi\u00e7os com os documentos cont\u00e1beis. [&hellip;]<\/p>\n","protected":false},"author":1,"featured_media":0,"parent":0,"menu_order":0,"comment_status":"closed","ping_status":"closed","template":"","meta":{"footnotes":""},"class_list":["post-651","page","type-page","status-publish","hentry"],"_links":{"self":[{"href":"https:\/\/contaempre.com.br\/index.php?rest_route=\/wp\/v2\/pages\/651","targetHints":{"allow":["GET"]}}],"collection":[{"href":"https:\/\/contaempre.com.br\/index.php?rest_route=\/wp\/v2\/pages"}],"about":[{"href":"https:\/\/contaempre.com.br\/index.php?rest_route=\/wp\/v2\/types\/page"}],"author":[{"embeddable":true,"href":"https:\/\/contaempre.com.br\/index.php?rest_route=\/wp\/v2\/users\/1"}],"replies":[{"embeddable":true,"href":"https:\/\/contaempre.com.br\/index.php?rest_route=%2Fwp%2Fv2%2Fcomments&post=651"}],"version-history":[{"count":65,"href":"https:\/\/contaempre.com.br\/index.php?rest_route=\/wp\/v2\/pages\/651\/revisions"}],"predecessor-version":[{"id":1100,"href":"https:\/\/contaempre.com.br\/index.php?rest_route=\/wp\/v2\/pages\/651\/revisions\/1100"}],"wp:attachment":[{"href":"https:\/\/contaempre.com.br\/index.php?rest_route=%2Fwp%2Fv2%2Fmedia&parent=651"}],"curies":[{"name":"wp","href":"https:\/\/api.w.org\/{rel}","templated":true}]}}